{"id":82,"date":"2024-05-10T13:50:56","date_gmt":"2024-05-10T04:50:56","guid":{"rendered":"https:\/\/wh-support.com\/vi\/?page_id=82"},"modified":"2024-06-18T15:59:01","modified_gmt":"2024-06-18T06:59:01","slug":"%e7%9b%b8%e8%ab%87","status":"publish","type":"page","link":"https:\/\/wh-support.com\/vi\/?page_id=82","title":{"rendered":"T\u01b0 v\u1ea5n"},"content":{"rendered":"\n<div style=\"height:49px\" aria-hidden=\"true\" class=\"wp-block-spacer\"><\/div>\n\n\n\n<h1 class=\"wp-block-heading has-text-align-center is-style-default has-large-font-size\">T\u01b0 v\u1ea5n<\/h1>\n\n\n\n<div style=\"height:19px\" aria-hidden=\"true\" class=\"wp-block-spacer\"><\/div>\n\n\n\n<p class=\"has-text-align-center\">N\u1ebfu v\u1ea5n \u0111\u1ec1 kh\u00f4ng \u0111\u01b0\u1ee3c gi\u1ea3i quy\u1ebft, vui l\u00f2ng li\u00ean h\u1ec7 v\u00e0 x\u00e1c nh\u1eadn theo c\u00e1c ph\u01b0\u01a1ng th\u1ee9c d\u01b0\u1edbi \u0111\u00e2y.<\/p>\n\n\n\n<h2 class=\"wp-block-heading has-text-align-center is-style-ribbon has-background has-medium-font-size\" style=\"background-color:#cfc7eb\">Li\u00ean h\u1ec7 v\u1edbi ng\u01b0\u1eddi ph\u1ee5 tr\u00e1ch<\/h2>\n\n\n\n<div style=\"height:27px\" aria-hidden=\"true\" class=\"wp-block-spacer\"><\/div>\n\n\n\n<div class=\"wp-block-snow-monkey-blocks-items smb-items\"><div class=\"c-row c-row--margin-l\" data-columns=\"1\" data-md-columns=\"1\" data-lg-columns=\"2\">\n<div class=\"wp-block-snow-monkey-blocks-items-item-free c-row__col\"><div class=\"smb-items__item smb-items__item--free\"><div class=\"smb-items__item__body is-layout-constrained wp-block-items-item-free-is-layout-constrained\"><div class=\"wp-block-image is-style-liquid-2\">\n<figure class=\"aligncenter size-full is-resized\"><img decoding=\"async\" src=\"https:\/\/wh-support.com\/wp-content\/uploads\/2024\/04\/\u9ad8\u6a4b.png\" alt=\"\u9ad8\u6a4b\" class=\"wp-image-1554\" style=\"width:114px;height:auto\"\/><\/figure><\/div>\n\n\n<div style=\"height:22px\" aria-hidden=\"true\" class=\"wp-block-spacer\"><\/div>\n\n\n\n<p class=\"has-text-align-center\" style=\"font-size:16px\"><ruby>\u9ad8\u6a4b<rt>\u305f\u304b\u306f\u3057<\/rt><\/ruby> <ruby>\u54f2\u5e73<rt>\u3066\u3063\u307a\u3044<\/rt><\/ruby><br>Teppei Takahashi<\/p>\n\n\n\n<div style=\"height:22px\" aria-hidden=\"true\" class=\"wp-block-spacer\"><\/div>\n\n\n\n<div class=\"wp-block-snow-monkey-blocks-buttons smb-buttons is-content-justification-center is-layout-flex wp-block-buttons-is-layout-flex\">\n<div class=\"wp-block-snow-monkey-blocks-btn smb-btn-wrapper smb-btn-wrapper--little-wider is-style-default\"><a class=\"smb-btn smb-btn--little-wider\" href=\"TEL:08056758773\" style=\"--smb-btn--background-image:linear-gradient(135deg,rgb(7,189,227) 0%,rgb(155,81,224) 100%);--smb-btn--border-radius:100px;--smb-btn--color:#ffffff\"><span class=\"smb-btn__label\">G\u1ecdi \u0111i\u1ec7n tho\u1ea1i<\/span><\/a><\/div>\n<\/div>\n\n\n\n<div style=\"height:22px\" aria-hidden=\"true\" class=\"wp-block-spacer\"><\/div>\n<\/div><\/div><\/div>\n\n\n\n<div class=\"wp-block-snow-monkey-blocks-items-item-free c-row__col\"><div class=\"smb-items__item smb-items__item--free\"><div class=\"smb-items__item__body is-layout-constrained wp-block-items-item-free-is-layout-constrained\"><div class=\"wp-block-image is-style-liquid-3\">\n<figure class=\"aligncenter size-full is-resized\"><img decoding=\"async\" src=\"https:\/\/wh-support.com\/wp-content\/uploads\/2024\/04\/\u4e09\u6d66.png\" alt=\"\u4e09\u6d66\" class=\"wp-image-1555\" style=\"width:112px\"\/><\/figure><\/div>\n\n\n<div style=\"height:22px\" aria-hidden=\"true\" class=\"wp-block-spacer\"><\/div>\n\n\n\n<p class=\"has-text-align-center\" style=\"font-size:16px\"><ruby>\u4e09\u6d66<rt>\u307f\u3046\u3089<\/rt><\/ruby> <ruby>\u5927\u8f14<rt>\u3060\u3044\u3059\u3051<\/rt><\/ruby><br>Daisuke Miura<\/p>\n\n\n\n<div style=\"height:22px\" aria-hidden=\"true\" class=\"wp-block-spacer\"><\/div>\n\n\n\n<div class=\"wp-block-snow-monkey-blocks-buttons smb-buttons is-content-justification-center is-layout-flex wp-block-buttons-is-layout-flex\">\n<div class=\"wp-block-snow-monkey-blocks-btn smb-btn-wrapper smb-btn-wrapper--little-wider\"><a class=\"smb-btn smb-btn--little-wider\" href=\"TEL:09061930195\" style=\"--smb-btn--background-image:linear-gradient(135deg,rgb(7,189,227) 0%,rgb(155,81,224) 100%);--smb-btn--border-radius:100px;--smb-btn--color:#ffffff\"><span class=\"smb-btn__label\">G\u1ecdi \u0111i\u1ec7n tho\u1ea1i<\/span><\/a><\/div>\n<\/div>\n\n\n\n<div style=\"height:22px\" aria-hidden=\"true\" class=\"wp-block-spacer\"><\/div>\n<\/div><\/div><\/div>\n<\/div><\/div>\n\n\n\n<div style=\"height:37px\" aria-hidden=\"true\" class=\"wp-block-spacer\"><\/div>\n\n\n\n<h2 class=\"wp-block-heading has-text-align-center is-style-ribbon has-background has-medium-font-size\" style=\"background-color:#cfc7eb\">Tr\u00f2 chuy\u1ec7n LINE<\/h2>\n\n\n\n<div class=\"wp-block-media-text\" style=\"grid-template-columns:15% auto\"><figure class=\"wp-block-media-text__media\"><a href=\"https:\/\/lin.ee\/FYwcW8b\"><img decoding=\"async\" src=\"https:\/\/wh-support.com\/wp-content\/uploads\/2024\/02\/Line-1024x1024.png\" alt=\"Line\" class=\"wp-image-153 size-full\"\/><\/a><\/figure><div class=\"wp-block-media-text__content\">\n<p>B\u1ea1n c\u00f3 th\u1ec3 tr\u00f2 chuy\u1ec7n th\u00f4ng qua LINE sau khi th\u00eam World.Human.Support l\u00e0m b\u1ea1n b\u00e8.<\/p>\n\n\n\n<p>\u203bH\u00e3y nh\u1ea5n v\u00e0o bi\u1ec3u t\u01b0\u1ee3ng \u0111\u1ec3 th\u00eam b\u1ea1n b\u00e8 nh\u00e9\u2606\u5f61<\/p>\n<\/div><\/div>\n","protected":false},"excerpt":{"rendered":"<p>T\u01b0 v\u1ea5n N\u1ebfu v\u1ea5n \u0111\u1ec1 kh\u00f4ng \u0111\u01b0\u1ee3c gi\u1ea3i quy\u1ebft, vui l\u00f2ng li\u00ean h\u1ec7 v\u00e0 x\u00e1c nh\u1eadn theo c\u00e1c ph\u01b0\u01a1ng th\u1ee9c d\u01b0\u1edbi \u0111\u00e2y. Li\u00ean h\u1ec7 v\u1edbi ng\u01b0\u1eddi ph\u1ee5 tr\u00e1ch Tr\u00f2 chuy\u1ec7n LINE B\u1ea1n c\u00f3 th\u1ec3 tr\u00f2 chuy\u1ec7n th\u00f4ng qua LINE sau khi th\u00eam World.Human.Support l\u00e0m b\u1ea1n b\u00e8. \u203bH\u00e3y nh\u1ea5n v\u00e0o bi\u1ec3u t\u01b0\u1ee3ng \u0111\u1ec3 th\u00eam b\u1ea1n b\u00e8&#8230;<\/p>\n","protected":false},"author":1,"featured_media":0,"parent":0,"menu_order":0,"comment_status":"closed","ping_status":"closed","template":"","meta":{"footnotes":""},"tags":[],"class_list":["post-82","page","type-page","status-publish","hentry"],"_links":{"self":[{"href":"https:\/\/wh-support.com\/vi\/index.php?rest_route=\/wp\/v2\/pages\/82"}],"collection":[{"href":"https:\/\/wh-support.com\/vi\/index.php?rest_route=\/wp\/v2\/pages"}],"about":[{"href":"https:\/\/wh-support.com\/vi\/index.php?rest_route=\/wp\/v2\/types\/page"}],"author":[{"embeddable":true,"href":"https:\/\/wh-support.com\/vi\/index.php?rest_route=\/wp\/v2\/users\/1"}],"replies":[{"embeddable":true,"href":"https:\/\/wh-support.com\/vi\/index.php?rest_route=%2Fwp%2Fv2%2Fcomments&post=82"}],"version-history":[{"count":5,"href":"https:\/\/wh-support.com\/vi\/index.php?rest_route=\/wp\/v2\/pages\/82\/revisions"}],"predecessor-version":[{"id":158,"href":"https:\/\/wh-support.com\/vi\/index.php?rest_route=\/wp\/v2\/pages\/82\/revisions\/158"}],"wp:attachment":[{"href":"https:\/\/wh-support.com\/vi\/index.php?rest_route=%2Fwp%2Fv2%2Fmedia&parent=82"}],"wp:term":[{"taxonomy":"post_tag","embeddable":true,"href":"https:\/\/wh-support.com\/vi\/index.php?rest_route=%2Fwp%2Fv2%2Ftags&post=82"}],"curies":[{"name":"wp","href":"https:\/\/api.w.org\/{rel}","templated":true}]}}