{"id":29,"date":"2024-03-12T15:24:11","date_gmt":"2024-03-12T06:24:11","guid":{"rendered":"https:\/\/wh-support.com\/vi\/?page_id=29"},"modified":"2024-06-18T15:41:31","modified_gmt":"2024-06-18T06:41:31","slug":"top","status":"publish","type":"page","link":"https:\/\/wh-support.com\/vi\/","title":{"rendered":"Trang web h\u1ed7 tr\u1ee3 World.Human.Support"},"content":{"rendered":"\n<figure class=\"wp-block-image alignfull size-full is-style-default pc-img\"><div class=\"main-pic\"><img decoding=\"async\" src=\"https:\/\/wh-support.com\/wp-content\/uploads\/2024\/02\/\u30e1\u30a4\u30f3\u753b\u50cf.jpg\" class=\"wp-image-147\"\/><p><span class=\"whs\">World.Human.Support<\/span><br><span class=\"support\">Ch\u00e0o m\u1eebng b\u1ea1n \u0111\u1ebfn h\u1ed7 tr\u1ee3 trang web<\/span><\/p><p class=\"explanation\">\u0110\u00e2y l\u00e0 m\u1ed9t trang web h\u1ed7 tr\u1ee3 t\u1ed5ng h\u1ee3p c\u00e1c c\u00e2u h\u1ecfi th\u01b0\u1eddng g\u1eb7p.<br>H\u00e3y s\u1eed d\u1ee5ng n\u00f3 khi b\u1ea1n g\u1eb7p r\u1eafc r\u1ed1i.<\/p><\/div><\/figure>\n\n\n\n<figure class=\"wp-block-image alignfull size-full is-style-default sp-img\"><div class=\"main-pic\"><img decoding=\"async\" src=\"https:\/\/wh-support.com\/vi\/wp-content\/uploads\/sites\/5\/2024\/03\/\u30b9\u30de\u30db\u30e1\u30a4\u30f3\u753b\u50cf-scaled.jpg\" class=\"wp-image-147\"\/><p><span class=\"whs\">World.Human.Support<\/span><br><span class=\"support\">Ch\u00e0o m\u1eebng b\u1ea1n \u0111\u1ebfn h\u1ed7 tr\u1ee3 trang web<\/span><\/p><p class=\"explanation\">\u0110\u00e2y l\u00e0 m\u1ed9t trang web h\u1ed7 tr\u1ee3 t\u1ed5ng h\u1ee3p c\u00e1c c\u00e2u h\u1ecfi th\u01b0\u1eddng g\u1eb7p.<br>H\u00e3y s\u1eed d\u1ee5ng n\u00f3 khi b\u1ea1n g\u1eb7p r\u1eafc r\u1ed1i.<\/p><\/div><\/figure>\n\n\n\n<h2 class=\"wp-block-heading has-text-align-center is-style-default has-medium-font-size\"><strong>Th\u00f4ng b\u00e1o<\/strong><\/h2>\n\n\n\n<div class=\"wp-block-buttons is-content-justification-center is-layout-flex wp-container-core-buttons-is-layout-1 wp-block-buttons-is-layout-flex\">\n<div class=\"wp-block-button\"><a class=\"wp-block-button__link has-liquid-white-color has-text-color has-background has-link-color has-text-align-center wp-element-button\" href=\"https:\/\/wh-support.com\/?cat=12\" style=\"background:linear-gradient(135deg,rgb(7,197,227) 0%,rgb(155,81,224) 100%)\">\u0110\u1ebfn trang phi\u00ean b\u1ea3n ti\u1ebfng Nh\u1eadt<\/a><\/div>\n<\/div>\n\n\n\n<div style=\"height:57px\" aria-hidden=\"true\" class=\"wp-block-spacer\"><\/div>\n\n\n\n<div class=\"wp-block-group\"><div class=\"wp-block-group__inner-container is-layout-constrained wp-block-group-is-layout-constrained\"><form role=\"search\" method=\"get\" action=\"https:\/\/wh-support.com\/vi\/\" class=\"wp-block-search__button-outside wp-block-search__icon-button aligncenter wp-block-search\"    ><label class=\"wp-block-search__label\" for=\"wp-block-search__input-1\"  style=\"font-size: 20px\">B\u1ea1n \u0111ang g\u1eb7p v\u1ea5n \u0111\u1ec1 g\u00ec?<\/label><div class=\"wp-block-search__inside-wrapper \"  style=\"width: 413px\"><input class=\"wp-block-search__input\" id=\"wp-block-search__input-1\" placeholder=\"T\u00ecm ki\u1ebfm trong trang\" value=\"\" type=\"search\" name=\"s\" required  style=\"font-size: 20px\"\/><button aria-label=\"\u691c\u7d22\" class=\"wp-block-search__button has-text-color has-liquid-white-color has-background has-liquid-theme-background-color has-icon wp-element-button\" type=\"submit\"  style=\"font-size: 20px\"><svg class=\"search-icon\" viewBox=\"0 0 24 24\" width=\"24\" height=\"24\">\n\t\t\t\t\t<path d=\"M13 5c-3.3 0-6 2.7-6 6 0 1.4.5 2.7 1.3 3.7l-3.8 3.8 1.1 1.1 3.8-3.8c1 .8 2.3 1.3 3.7 1.3 3.3 0 6-2.7 6-6S16.3 5 13 5zm0 10.5c-2.5 0-4.5-2-4.5-4.5s2-4.5 4.5-4.5 4.5 2 4.5 4.5-2 4.5-4.5 4.5z\"><\/path>\n\t\t\t\t<\/svg><\/button><\/div><\/form><\/div><\/div>\n\n\n\n<div style=\"height:100px\" aria-hidden=\"true\" class=\"wp-block-spacer\"><\/div>\n\n\n\n<h2 class=\"wp-block-heading has-text-align-center is-style-defaul has-medium-font-size\">T\u00ecm ki\u1ebfm t\u1eeb c\u00e1c c\u00e2u h\u1ecfi th\u01b0\u1eddng g\u1eb7p<\/h2>\n\n\n\n<div class=\"wp-block-snow-monkey-blocks-accordion smb-accordion\">\n<div class=\"wp-block-snow-monkey-blocks-accordion-item smb-accordion__item\"><input type=\"checkbox\" class=\"smb-accordion__item__control\" aria-label=\"A accordion item\" \/><div class=\"smb-accordion__item__title\"><span class=\"smb-accordion__item__title__label\">Q. T\u00f4i n\u00ean l\u00e0m g\u00ec \u0111\u1ec3 tr\u1edf th\u00e0nh k\u1ef9 n\u0103ng c\u1ee5 th\u1ec3 s\u1ed1 2?<\/span><div class=\"smb-accordion__item__title__icon\"><i class=\"fa-solid fa-angle-down\"><\/i><\/div><\/div><div class=\"smb-accordion__item__body is-layout-constrained wp-block-accordion-item-is-layout-constrained\">\n<p>A. B\u1ea1n ph\u1ea3i v\u01b0\u1ee3t qua b\u00e0i ki\u1ec3m tra \u0111\u00e1nh gi\u00e1 K\u1ef9 n\u0103ng \u0111\u1eb7c \u0111\u1ecbnh s\u1ed1 2.<br>Ngo\u00e0i ra, nh\u1eefng ng\u01b0\u1eddi l\u00e0m vi\u1ec7c trong ng\u00e0nh s\u1ea3n xu\u1ea5t c\u00f2n ph\u1ea3i v\u01b0\u1ee3t qua K\u1ef3 thi ngh\u1ec1 nghi\u1ec7p kinh doanh c\u1ea5p \u0111\u1ed9 3 (K\u1ebf ho\u1ea1ch qu\u1ea3n l\u00fd s\u1ea3n xu\u1ea5t ho\u1eb7c Ho\u1ea1t \u0111\u1ed9ng qu\u1ea3n l\u00fd s\u1ea3n xu\u1ea5t).<\/p>\n\n\n\n<p>N\u1ebfu b\u1ea1n s\u1eb5n s\u00e0ng h\u1ecdc t\u1eadp ch\u0103m ch\u1ec9, tr\u01b0\u1edbc ti\u00ean h\u00e3y n\u00f3i chuy\u1ec7n v\u1edbi s\u1ebfp \u1edf c\u00f4ng ty c\u1ee7a b\u1ea1n.<br>C\u00e1c t\u1ed5 ch\u1ee9c h\u1ed7 tr\u1ee3 c\u1ee7a ch\u00fang t\u00f4i c\u0169ng s\u1ebd cung c\u1ea5p h\u1ed7 tr\u1ee3.<\/p>\n<\/div><\/div>\n<\/div>\n\n\n\n<div class=\"wp-block-snow-monkey-blocks-accordion smb-accordion\">\n<div class=\"wp-block-snow-monkey-blocks-accordion-item smb-accordion__item\"><input type=\"checkbox\" class=\"smb-accordion__item__control\" aria-label=\"A accordion item\" \/><div class=\"smb-accordion__item__title\"><span class=\"smb-accordion__item__title__label\">Q. T\u00f4i mu\u1ed1n nh\u1eadn \u0111\u01b0\u1ee3c kho\u1ea3n thanh to\u00e1n r\u00fat ti\u1ec1n m\u1ed9t l\u1ea7n t\u1eeb l\u01b0\u01a1ng h\u01b0u c\u1ee7a m\u00ecnh.<\/span><div class=\"smb-accordion__item__title__icon\"><i class=\"fa-solid fa-angle-down\"><\/i><\/div><\/div><div class=\"smb-accordion__item__body is-layout-constrained wp-block-accordion-item-is-layout-constrained\">\n<p>A. B\u1ea1n c\u1ea7n ph\u1ea3i ngh\u1ec9 vi\u1ec7c v\u00e0 tr\u1edf v\u1ec1 qu\u00ea h\u01b0\u01a1ng. H\u00e3y tham kh\u1ea3o \u00fd ki\u1ebfn \u200b\u200bc\u1ee7a c\u00f4ng ty tr\u01b0\u1edbc.<\/p>\n\n\n\n<p>N\u1ebfu b\u1ea1n \u0111\u00e3 quy\u1ebft \u0111\u1ecbnh r\u1eddi kh\u1ecfi c\u00f4ng ty c\u1ee7a m\u00ecnh, vui l\u00f2ng g\u1eedi th\u00f4ng b\u00e1o thay \u0111\u1ed5i n\u01a1i c\u01b0 tr\u00fa cho t\u00f2a th\u1ecb ch\u00ednh trong v\u00f2ng hai tu\u1ea7n k\u1ec3 t\u1eeb ng\u00e0y b\u1ea1n tr\u1edf l\u1ea1i. N\u1ebfu b\u1ea1n d\u1ef1 \u0111\u1ecbnh quay l\u1ea1i \u0111\u1ea5t n\u01b0\u1edbc n\u00e0y, vui l\u00f2ng cho ch\u00fang t\u00f4i bi\u1ebft.<\/p>\n\n\n\n<div style=\"height:18px\" aria-hidden=\"true\" class=\"wp-block-spacer\"><\/div>\n\n\n\n<div class=\"wp-block-buttons is-content-justification-center is-layout-flex wp-container-core-buttons-is-layout-2 wp-block-buttons-is-layout-flex\">\n<div class=\"wp-block-button has-custom-font-size has-small-font-size\"><a class=\"wp-block-button__link has-liquid-white-color has-text-color has-background has-link-color has-text-align-center wp-element-button\" href=\"https:\/\/wh-support.com\/2024\/03\/11\/%e5%b9%b4%e9%87%91%e8%84%b1%e9%80%80%e4%b8%80%e6%99%82%e9%87%91\/\" style=\"background:linear-gradient(135deg,rgb(7,227,227) 0%,rgb(155,81,224) 100%)\">t\u00ecm hi\u1ec3u th\u00eam<\/a><\/div>\n<\/div>\n<\/div><\/div>\n<\/div>\n\n\n\n<div class=\"wp-block-snow-monkey-blocks-accordion smb-accordion\">\n<div class=\"wp-block-snow-monkey-blocks-accordion-item smb-accordion__item\"><input type=\"checkbox\" class=\"smb-accordion__item__control\" aria-label=\"A accordion item\" \/><div class=\"smb-accordion__item__title\"><span class=\"smb-accordion__item__title__label\">Q. T\u00f4i kh\u00f4ng th\u1ec3 r\u00fat ti\u1ec1n t\u1eeb th\u1ebb ATM.<\/span><div class=\"smb-accordion__item__title__icon\"><i class=\"fa-solid fa-angle-down\"><\/i><\/div><\/div><div class=\"smb-accordion__item__body is-layout-constrained wp-block-accordion-item-is-layout-constrained\">\n<p>A. Sau khi c\u1eadp nh\u1eadt th\u1ebb c\u01b0 tr\u00fa, b\u1ea1n s\u1ebd kh\u00f4ng th\u1ec3 r\u00fat ti\u1ec1n tr\u1eeb khi b\u1ea1n th\u00f4ng b\u00e1o cho ng\u00e2n h\u00e0ng v\u1ec1 th\u1eddi gian l\u01b0u tr\u00fa m\u1edbi. Vui l\u00f2ng \u0111\u1ebfn qu\u1ea7y ng\u00e2n h\u00e0ng v\u00e0 n\u00f3i v\u1edbi h\u1ecd r\u1eb1ng b\u1ea1n \u0111\u00e3 c\u1eadp nh\u1eadt th\u1ebb c\u01b0 tr\u00fa c\u1ee7a m\u00ecnh.<\/p>\n\n\n\n<p>Ng\u00e2n h\u00e0ng B\u01b0u \u0111i\u1ec7n Nh\u1eadt B\u1ea3n cho ph\u00e9p b\u1ea1n g\u1eedi th\u00f4ng b\u00e1o t\u1eeb \u0111i\u1ec7n tho\u1ea1i th\u00f4ng minh c\u1ee7a m\u00ecnh \u2192 (<a href=\"https:\/\/kyc.jp-bank.japanpost.jp\/\">Ng\u00e2n h\u00e0ng B\u01b0u \u0111i\u1ec7n Nh\u1eadt B\u1ea3n | Trang web b\u00e1o c\u00e1o th\u00f4ng tin kh\u00e1ch h\u00e0ng<\/a>)<\/p>\n\n\n\n<div style=\"height:18px\" aria-hidden=\"true\" class=\"wp-block-spacer\"><\/div>\n\n\n\n<div class=\"wp-block-buttons is-content-justification-center is-layout-flex wp-container-core-buttons-is-layout-3 wp-block-buttons-is-layout-flex\">\n<div class=\"wp-block-button has-custom-font-size has-small-font-size\"><a class=\"wp-block-button__link has-liquid-white-color has-text-color has-background has-link-color has-text-align-center wp-element-button\" href=\"https:\/\/wh-support.com\/vi\/?p=37\" style=\"background:linear-gradient(135deg,rgb(7,227,227) 0%,rgb(155,81,224) 100%)\">t\u00ecm hi\u1ec3u th\u00eam<\/a><\/div>\n<\/div>\n<\/div><\/div>\n<\/div>\n\n\n\n<div class=\"wp-block-snow-monkey-blocks-accordion smb-accordion\">\n<div class=\"wp-block-snow-monkey-blocks-accordion-item smb-accordion__item\"><input type=\"checkbox\" class=\"smb-accordion__item__control\" aria-label=\"A accordion item\" \/><div class=\"smb-accordion__item__title\"><span class=\"smb-accordion__item__title__label\">Q. V\u1ec1 h\u1ed3 s\u01a1 c\u1ea7n chu\u1ea9n b\u1ecb khi thay \u0111\u1ed5i, gia h\u1ea1n t\u00ecnh tr\u1ea1ng c\u01b0 tr\u00fa<\/span><div class=\"smb-accordion__item__title__icon\"><i class=\"fa-solid fa-angle-down\"><\/i><\/div><\/div><div class=\"smb-accordion__item__body is-layout-constrained wp-block-accordion-item-is-layout-constrained\">\n<p>A. Vui l\u00f2ng chu\u1ea9n b\u1ecb m\u1ed9t b\u1ea3n sao phi\u1ebfu kh\u1ea5u tr\u1eeb thu\u1ebf cho n\u0103m \u25cf\u25cf v\u00e0 gi\u1ea5y ki\u1ec3m tra s\u1ee9c kh\u1ecfe m\u00e0 b\u1ea1n \u0111\u00e3 nh\u1eadn \u0111\u01b0\u1ee3c trong n\u0103m qua.<\/p>\n<\/div><\/div>\n<\/div>\n\n\n\n<div class=\"wp-block-snow-monkey-blocks-accordion smb-accordion\">\n<div class=\"wp-block-snow-monkey-blocks-accordion-item smb-accordion__item\"><input type=\"checkbox\" class=\"smb-accordion__item__control\" aria-label=\"A accordion item\" \/><div class=\"smb-accordion__item__title\"><span class=\"smb-accordion__item__title__label\">Q. Xin cho bi\u1ebft khi thay \u0111\u1ed5i c\u00f4ng vi\u1ec7c c\u1ea7n nh\u1eefng gi\u1ea5y t\u1edd, th\u1ee7 t\u1ee5c g\u00ec.<\/span><div class=\"smb-accordion__item__title__icon\"><i class=\"fa-solid fa-angle-down\"><\/i><\/div><\/div><div class=\"smb-accordion__item__body is-layout-constrained wp-block-accordion-item-is-layout-constrained\">\n<p>A. Vui l\u00f2ng g\u1eedi th\u00f4ng b\u00e1o chuy\u1ec3n nh\u00e0 t\u1edbi t\u00f2a th\u1ecb ch\u00ednh trong v\u00f2ng hai tu\u1ea7n k\u1ec3 t\u1eeb khi chuy\u1ec3n nh\u00e0.<\/p>\n\n\n\n<p>Khi ngh\u1ec9 h\u01b0u, vui l\u00f2ng tr\u1ea3 l\u1ea1i th\u1ebb b\u1ea3o hi\u1ec3m y t\u1ebf v\u00e0 c\u00e1c v\u1eadt d\u1ee5ng kh\u00e1c \u0111\u00e3 m\u01b0\u1ee3n c\u1ee7a c\u00f4ng ty (nh\u01b0 ch\u00eca kh\u00f3a c\u0103n h\u1ed9) cho c\u00f4ng ty.<\/p>\n\n\n\n<p>Ngo\u00e0i ra, vui l\u00f2ng l\u1ea5y th\u1ebb b\u1ea3o hi\u1ec3m vi\u1ec7c l\u00e0m, phi\u1ebfu kh\u1ea5u tr\u1eeb thu\u1ebf v\u00e0 s\u1ed5 l\u01b0\u01a1ng h\u01b0u t\u1eeb c\u00f4ng ty c\u1ee7a b\u1ea1n.<br>N\u1ebfu h\u1ecd th\u00f4ng b\u00e1o v\u1edbi b\u1ea1n r\u1eb1ng vi\u1ec7c n\u00e0y s\u1ebd m\u1ea5t nhi\u1ec1u th\u1eddi gian h\u01a1n, vui l\u00f2ng y\u00eau c\u1ea7u h\u1ecd g\u1eedi \u0111\u1ecba ch\u1ec9 m\u1edbi c\u1ee7a b\u1ea1n qua \u0111\u01b0\u1eddng b\u01b0u \u0111i\u1ec7n t\u1edbi .<\/p>\n\n\n\n<p>Khi b\u1ea1n nh\u1eadn \u0111\u01b0\u1ee3c nh\u1eefng t\u00e0i li\u1ec7u n\u00e0y, h\u00e3y \u0111\u01b0a ch\u00fang cho c\u00f4ng ty m\u1edbi c\u1ee7a b\u1ea1n.<\/p>\n\n\n\n<div style=\"height:18px\" aria-hidden=\"true\" class=\"wp-block-spacer\"><\/div>\n\n\n\n<div class=\"wp-block-buttons is-content-justification-center is-layout-flex wp-container-core-buttons-is-layout-4 wp-block-buttons-is-layout-flex\">\n<div class=\"wp-block-button has-custom-font-size has-small-font-size\"><a class=\"wp-block-button__link has-liquid-white-color has-text-color has-background has-link-color has-text-align-center wp-element-button\" href=\"https:\/\/wh-support.com\/2024\/02\/29\/%e9%80%80%e8%81%b7\/\" style=\"background:linear-gradient(135deg,rgb(7,227,227) 0%,rgb(155,81,224) 100%)\">t\u00ecm hi\u1ec3u th\u00eam<\/a><\/div>\n<\/div>\n<\/div><\/div>\n<\/div>\n\n\n\n<div class=\"wp-block-snow-monkey-blocks-accordion smb-accordion\">\n<div class=\"wp-block-snow-monkey-blocks-accordion-item smb-accordion__item\"><input type=\"checkbox\" class=\"smb-accordion__item__control\" aria-label=\"A accordion item\" \/><div class=\"smb-accordion__item__title\"><span class=\"smb-accordion__item__title__label\">Q. Xin vui l\u00f2ng cho t\u00f4i bi\u1ebft nh\u1eefng h\u1ed3 s\u01a1 c\u1ea7n n\u1ed9p cho c\u00f4ng ty v\u00e0o th\u1eddi \u0111i\u1ec3m \u0111i\u1ec1u ch\u1ec9nh cu\u1ed1i n\u0103m.<\/span><div class=\"smb-accordion__item__title__icon\"><i class=\"fa-solid fa-angle-down\"><\/i><\/div><\/div><div class=\"smb-accordion__item__body is-layout-constrained wp-block-accordion-item-is-layout-constrained\">\n<p>A. N\u1ebfu b\u1ea1n g\u1eedi ti\u1ec1n cho gia \u0111\u00ecnh \u1edf qu\u00ea h\u01b0\u01a1ng, vui l\u00f2ng g\u1eedi hai m\u1ee5c sau cho c\u00f4ng ty c\u1ee7a b\u1ea1n:<\/p>\n\n\n\n<p>\u30fbGi\u1ea5y t\u1edd \u0111\u01b0\u1ee3c c\u1ea5p \u1edf n\u01b0\u1edbc s\u1edf t\u1ea1i c\u00f3 t\u00ean, ng\u00e0y sinh v\u00e0 \u0111\u1ecba ch\u1ec9 c\u1ee7a th\u00e0nh vi\u00ean gia \u0111\u00ecnh g\u1eedi ti\u1ec1n (b\u1ea3n g\u1ed1c)<\/p>\n\n\n\n<p>\u30fbGi\u1ea5y t\u1edd ch\u1ee9ng minh b\u1ea1n \u0111ang g\u1eedi ti\u1ec1n cho b\u1ed1 m\u1eb9 ho\u1eb7c gia \u0111\u00ecnh<\/p>\n\n\n\n<div style=\"height:18px\" aria-hidden=\"true\" class=\"wp-block-spacer\"><\/div>\n\n\n\n<div class=\"wp-block-buttons is-content-justification-center is-layout-flex wp-container-core-buttons-is-layout-5 wp-block-buttons-is-layout-flex\">\n<div class=\"wp-block-button has-custom-font-size has-small-font-size\"><a class=\"wp-block-button__link has-liquid-white-color has-text-color has-background has-link-color has-text-align-center wp-element-button\" href=\"https:\/\/wh-support.com\/2024\/02\/29\/%e7%a8%8e%e9%87%91_%e7%a4%be%e4%bc%9a%e4%bf%9d%e9%99%ba\/\" style=\"background:linear-gradient(135deg,rgb(7,227,227) 0%,rgb(155,81,224) 100%)\">t\u00ecm hi\u1ec3u th\u00eam<\/a><\/div>\n<\/div>\n<\/div><\/div>\n<\/div>\n\n\n\n<div style=\"height:56px\" aria-hidden=\"true\" class=\"wp-block-spacer\"><\/div>\n\n\n\n<h2 class=\"wp-block-heading has-text-align-center is-style-defaul has-medium-font-size\">T\u00ecm ki\u1ebfm theo danh m\u1ee5c<\/h2>\n\n\n\n<div style=\"height:35px\" aria-hidden=\"true\" class=\"wp-block-spacer\"><\/div>\n\n\n\n<div class=\"wp-block-snow-monkey-blocks-panels smb-panels\" data-image-padding=\"false\"><div class=\"c-row c-row--fill c-row--margin\" data-columns=\"1\" data-md-columns=\"1\" data-lg-columns=\"3\">\n<div class=\"wp-block-snow-monkey-blocks-panels-item-block-link c-row__col\"><div class=\"smb-panels__item smb-panels__item--block-link\" style=\"--smb-panel--background-image:linear-gradient(135deg,rgba(6,147,227,1) 0%,rgb(155,81,224) 100%)\"><div class=\"smb-panels__item__body is-layout-constrained wp-block-panels-item-block-link-is-layout-constrained\"><div class=\"wp-block-image\">\n<figure class=\"aligncenter size-full is-resized\"><img loading=\"lazy\" decoding=\"async\" width=\"800\" height=\"630\" src=\"https:\/\/wh-support.com\/vi\/wp-content\/uploads\/sites\/5\/2024\/06\/\u751f\u6d3b\u306b\u95a2\u3059\u308b\u3053\u3068\u30d9.png\" alt=\"\u751f\u6d3b\u306b\u95a2\u3059\u308b\u3053\u3068\" class=\"wp-image-130\" style=\"width:300px\" srcset=\"https:\/\/wh-support.com\/vi\/wp-content\/uploads\/sites\/5\/2024\/06\/\u751f\u6d3b\u306b\u95a2\u3059\u308b\u3053\u3068\u30d9.png 800w, https:\/\/wh-support.com\/vi\/wp-content\/uploads\/sites\/5\/2024\/06\/\u751f\u6d3b\u306b\u95a2\u3059\u308b\u3053\u3068\u30d9-300x236.png 300w, https:\/\/wh-support.com\/vi\/wp-content\/uploads\/sites\/5\/2024\/06\/\u751f\u6d3b\u306b\u95a2\u3059\u308b\u3053\u3068\u30d9-768x605.png 768w\" sizes=\"(max-width: 800px) 100vw, 800px\" \/><\/figure><\/div><\/div><div class=\"smb-panels__item__action smb-panels__item__action--nolabel\"><a href=\"https:\/\/wh-support.com\/vi\/?page_id=109\"><span class=\"screen-reader-text\">\u30ea\u30f3\u30af<\/span><\/a><\/div><\/div><\/div>\n\n\n\n<div class=\"wp-block-snow-monkey-blocks-panels-item-block-link c-row__col\"><div class=\"smb-panels__item smb-panels__item--block-link\" style=\"--smb-panel--background-image:linear-gradient(135deg,rgba(6,147,227,1) 0%,rgb(155,81,224) 100%)\"><div class=\"smb-panels__item__body is-layout-constrained wp-block-panels-item-block-link-is-layout-constrained\"><div class=\"wp-block-image\">\n<figure class=\"aligncenter size-full is-resized\"><img loading=\"lazy\" decoding=\"async\" width=\"800\" height=\"630\" src=\"https:\/\/wh-support.com\/vi\/wp-content\/uploads\/sites\/5\/2024\/06\/\u4ed5\u4e8b\u306b\u95a2\u3059\u308b\u3053\u3068\u30d9.png\" alt=\"\u4ed5\u4e8b\u306b\u95a2\u3059\u308b\u3053\u3068\" class=\"wp-image-131\" style=\"width:300px\" srcset=\"https:\/\/wh-support.com\/vi\/wp-content\/uploads\/sites\/5\/2024\/06\/\u4ed5\u4e8b\u306b\u95a2\u3059\u308b\u3053\u3068\u30d9.png 800w, https:\/\/wh-support.com\/vi\/wp-content\/uploads\/sites\/5\/2024\/06\/\u4ed5\u4e8b\u306b\u95a2\u3059\u308b\u3053\u3068\u30d9-300x236.png 300w, https:\/\/wh-support.com\/vi\/wp-content\/uploads\/sites\/5\/2024\/06\/\u4ed5\u4e8b\u306b\u95a2\u3059\u308b\u3053\u3068\u30d9-768x605.png 768w\" sizes=\"(max-width: 800px) 100vw, 800px\" \/><\/figure><\/div><\/div><div class=\"smb-panels__item__action smb-panels__item__action--nolabel\"><a href=\"https:\/\/wh-support.com\/%e4%bb%95%e4%ba%8b\/\"><span class=\"screen-reader-text\">\u30ea\u30f3\u30af<\/span><\/a><\/div><\/div><\/div>\n\n\n\n<div class=\"wp-block-snow-monkey-blocks-panels-item-block-link c-row__col\"><div class=\"smb-panels__item smb-panels__item--block-link\" style=\"--smb-panel--background-image:linear-gradient(135deg,rgba(6,147,227,1) 0%,rgb(155,81,224) 100%)\"><div class=\"smb-panels__item__body is-layout-constrained wp-block-panels-item-block-link-is-layout-constrained\"><div class=\"wp-block-image\">\n<figure class=\"aligncenter size-full is-resized\"><img loading=\"lazy\" decoding=\"async\" width=\"800\" height=\"630\" src=\"https:\/\/wh-support.com\/vi\/wp-content\/uploads\/sites\/5\/2024\/06\/\u30b9\u30ad\u30eb\u30a2\u30c3\u30d7\u306e\u30d9.png\" alt=\"\u30b9\u30ad\u30eb\u30a2\u30c3\u30d7\" class=\"wp-image-133\" style=\"width:300px\" srcset=\"https:\/\/wh-support.com\/vi\/wp-content\/uploads\/sites\/5\/2024\/06\/\u30b9\u30ad\u30eb\u30a2\u30c3\u30d7\u306e\u30d9.png 800w, https:\/\/wh-support.com\/vi\/wp-content\/uploads\/sites\/5\/2024\/06\/\u30b9\u30ad\u30eb\u30a2\u30c3\u30d7\u306e\u30d9-300x236.png 300w, https:\/\/wh-support.com\/vi\/wp-content\/uploads\/sites\/5\/2024\/06\/\u30b9\u30ad\u30eb\u30a2\u30c3\u30d7\u306e\u30d9-768x605.png 768w\" sizes=\"(max-width: 800px) 100vw, 800px\" \/><\/figure><\/div><\/div><div class=\"smb-panels__item__action smb-panels__item__action--nolabel\"><a href=\"https:\/\/wh-support.com\/%e3%82%b9%e3%82%ad%e3%83%ab%e3%82%a2%e3%83%83%e3%83%97\/\"><span class=\"screen-reader-text\">\u30ea\u30f3\u30af<\/span><\/a><\/div><\/div><\/div>\n\n\n\n<div class=\"wp-block-snow-monkey-blocks-panels-item-block-link c-row__col\"><div class=\"smb-panels__item smb-panels__item--block-link\" style=\"--smb-panel--background-image:linear-gradient(135deg,rgba(6,147,227,1) 0%,rgb(155,81,224) 100%)\"><div class=\"smb-panels__item__body is-layout-constrained wp-block-panels-item-block-link-is-layout-constrained\"><div class=\"wp-block-image\">\n<figure class=\"aligncenter size-full is-resized\"><img loading=\"lazy\" decoding=\"async\" width=\"800\" height=\"630\" src=\"https:\/\/wh-support.com\/vi\/wp-content\/uploads\/sites\/5\/2024\/06\/\u75c5\u6c17\u3051\u304c\u306e\u30d9.png\" alt=\"\u75c5\u6c17\u3051\u304c\" class=\"wp-image-134\" style=\"width:300px\" srcset=\"https:\/\/wh-support.com\/vi\/wp-content\/uploads\/sites\/5\/2024\/06\/\u75c5\u6c17\u3051\u304c\u306e\u30d9.png 800w, https:\/\/wh-support.com\/vi\/wp-content\/uploads\/sites\/5\/2024\/06\/\u75c5\u6c17\u3051\u304c\u306e\u30d9-300x236.png 300w, https:\/\/wh-support.com\/vi\/wp-content\/uploads\/sites\/5\/2024\/06\/\u75c5\u6c17\u3051\u304c\u306e\u30d9-768x605.png 768w\" sizes=\"(max-width: 800px) 100vw, 800px\" \/><\/figure><\/div><\/div><div class=\"smb-panels__item__action smb-panels__item__action--nolabel\"><a href=\"https:\/\/wh-support.com\/2024\/03\/01\/%e7%97%85%e6%b0%97_%e3%82%b1%e3%82%ac\/\"><span class=\"screen-reader-text\">\u30ea\u30f3\u30af<\/span><\/a><\/div><\/div><\/div>\n\n\n\n<div class=\"wp-block-snow-monkey-blocks-panels-item-block-link c-row__col\"><div class=\"smb-panels__item smb-panels__item--block-link\" style=\"--smb-panel--background-image:linear-gradient(135deg,rgba(6,147,227,1) 0%,rgb(155,81,224) 100%)\"><div class=\"smb-panels__item__body is-layout-constrained wp-block-panels-item-block-link-is-layout-constrained\"><div class=\"wp-block-image\">\n<figure class=\"aligncenter size-full is-resized\"><img loading=\"lazy\" decoding=\"async\" width=\"800\" height=\"630\" src=\"https:\/\/wh-support.com\/vi\/wp-content\/uploads\/sites\/5\/2024\/06\/\u76f8\u8ac7\u3059\u308b\u30d9.png\" alt=\"\u76f8\u8ac7\u3059\u308b\" class=\"wp-image-132\" style=\"width:300px\" srcset=\"https:\/\/wh-support.com\/vi\/wp-content\/uploads\/sites\/5\/2024\/06\/\u76f8\u8ac7\u3059\u308b\u30d9.png 800w, https:\/\/wh-support.com\/vi\/wp-content\/uploads\/sites\/5\/2024\/06\/\u76f8\u8ac7\u3059\u308b\u30d9-300x236.png 300w, https:\/\/wh-support.com\/vi\/wp-content\/uploads\/sites\/5\/2024\/06\/\u76f8\u8ac7\u3059\u308b\u30d9-768x605.png 768w\" sizes=\"(max-width: 800px) 100vw, 800px\" \/><\/figure><\/div><\/div><div class=\"smb-panels__item__action smb-panels__item__action--nolabel\"><a href=\"https:\/\/wh-support.com\/%e7%9b%b8%e8%ab%87\/\"><span class=\"screen-reader-text\">\u30ea\u30f3\u30af<\/span><\/a><\/div><\/div><\/div>\n<\/div><\/div>\n\n\n\n<div style=\"height:100px\" aria-hidden=\"true\" class=\"wp-block-spacer\"><\/div>\n\n\n\n<div style=\"text-align:center;\">\r\n<iframe src=\"https:\/\/www.google.com\/maps\/embed?pb=!1m18!1m12!1m3!1d3235.7110740518688!2d139.71215278806355!3d35.8070257522801!2m3!1f0!2f0!3f0!3m2!1i1024!2i768!4f13.1!3m3!1m2!1s0x6018936424059745%3A0x80f303ecd16c800d!2z77yI5qCq77yJV29ybGQuSHVtYW4uU3VwcG9ydO-8iOODr-ODvOODq-ODiSDjg5Ljg6Xjg7zjg57jg7Mg44K144Od44O844OI77yJ!5e0!3m2!1sja!2sjp!4v1708054522907!5m2!1sja!2sjp\" width=\"600\" height=\"450\" style=\"border:0;\" allowfullscreen=\"\" loading=\"lazy\" referrerpolicy=\"no-referrer-when-downgrade\"><\/iframe><\/div>\n","protected":false},"excerpt":{"rendered":"<p>World.Human.SupportCh\u00e0o m\u1eebng b\u1ea1n \u0111\u1ebfn h\u1ed7 tr\u1ee3 trang web \u0110\u00e2y l\u00e0 m\u1ed9t trang web h\u1ed7 tr\u1ee3 t\u1ed5ng h\u1ee3p c\u00e1c c\u00e2u h\u1ecfi th\u01b0\u1eddng g\u1eb7p.H\u00e3y s\u1eed d\u1ee5ng n\u00f3 khi b\u1ea1n g\u1eb7p r\u1eafc r\u1ed1i. World.Human.SupportCh\u00e0o m\u1eebng b\u1ea1n \u0111\u1ebfn h\u1ed7 tr\u1ee3 trang web \u0110\u00e2y l\u00e0 m\u1ed9t trang web h\u1ed7 tr\u1ee3 t\u1ed5ng h\u1ee3p c\u00e1c c\u00e2u h\u1ecfi th\u01b0\u1eddng g\u1eb7p.H\u00e3y s\u1eed d\u1ee5ng n\u00f3&#8230;<\/p>\n","protected":false},"author":1,"featured_media":0,"parent":0,"menu_order":0,"comment_status":"closed","ping_status":"closed","template":"liquid.php","meta":{"footnotes":""},"tags":[],"class_list":["post-29","page","type-page","status-publish","hentry"],"_links":{"self":[{"href":"https:\/\/wh-support.com\/vi\/index.php?rest_route=\/wp\/v2\/pages\/29"}],"collection":[{"href":"https:\/\/wh-support.com\/vi\/index.php?rest_route=\/wp\/v2\/pages"}],"about":[{"href":"https:\/\/wh-support.com\/vi\/index.php?rest_route=\/wp\/v2\/types\/page"}],"author":[{"embeddable":true,"href":"https:\/\/wh-support.com\/vi\/index.php?rest_route=\/wp\/v2\/users\/1"}],"replies":[{"embeddable":true,"href":"https:\/\/wh-support.com\/vi\/index.php?rest_route=%2Fwp%2Fv2%2Fcomments&post=29"}],"version-history":[{"count":21,"href":"https:\/\/wh-support.com\/vi\/index.php?rest_route=\/wp\/v2\/pages\/29\/revisions"}],"predecessor-version":[{"id":172,"href":"https:\/\/wh-support.com\/vi\/index.php?rest_route=\/wp\/v2\/pages\/29\/revisions\/172"}],"wp:attachment":[{"href":"https:\/\/wh-support.com\/vi\/index.php?rest_route=%2Fwp%2Fv2%2Fmedia&parent=29"}],"wp:term":[{"taxonomy":"post_tag","embeddable":true,"href":"https:\/\/wh-support.com\/vi\/index.php?rest_route=%2Fwp%2Fv2%2Ftags&post=29"}],"curies":[{"name":"wp","href":"https:\/\/api.w.org\/{rel}","templated":true}]}}